{"id":1582,"date":"2009-04-06T09:19:05","date_gmt":"2009-04-06T14:19:05","guid":{"rendered":"http:\/\/unidadsiporelcambio.wordpress.com\/?page_id=1582"},"modified":"2023-10-29T20:34:58","modified_gmt":"2023-10-30T01:34:58","slug":"somos-mala-especie","status":"publish","type":"page","link":"https:\/\/politicaysociedad.com\/","title":{"rendered":"Somos mala especie"},"content":{"rendered":"<p><script async src=\"https:\/\/pagead2.googlesyndication.com\/pagead\/js\/adsbygoogle.js?client=ca-pub-8052769786608976\" crossorigin=\"anonymous\"><span data-mce-type=\"bookmark\" style=\"display: inline-block; width: 0px; overflow: hidden; line-height: 0;\" class=\"mce_SELRES_start\">\ufeff<\/span><span data-mce-type=\"bookmark\" style=\"display: inline-block; width: 0px; overflow: hidden; line-height: 0;\" class=\"mce_SELRES_start\">\ufeff<\/span><\/script><br \/>\n<!-- pys2 --><br \/>\n<ins class=\"adsbygoogle\" style=\"display: block;\" data-ad-client=\"ca-pub-8052769786608976\" data-ad-slot=\"4771176065\" data-ad-format=\"auto\" data-full-width-responsive=\"true\"><\/ins><\/p>\n<figure id=\"attachment_1587\" aria-describedby=\"caption-attachment-1587\" style=\"width: 451px\" class=\"wp-caption aligncenter\"><a href=\"http:\/\/unidadsiporelcambio.files.wordpress.com\/2009\/04\/envy.png\"><img loading=\"lazy\" decoding=\"async\" class=\"size-full wp-image-1587\" title=\"envy\" src=\"https:\/\/unidadsiporelcambio.files.wordpress.com\/2009\/04\/envy.png\" alt=\"Bertrand Russell sosten\u00eda que la envidia es una de las m\u00e1s potentes causas de infelicidad. Siendo universal es el m\u00e1s desafortunado aspecto de la naturaleza humana, porque aquel que envidia no s\u00f3lo sucumbe a la infelicidad que le produce su envidia, sino que adem\u00e1s alimenta el deseo de producir el mal a otros. &lt;br&gt; http:\/\/es.wikipedia.org\/wiki\/Envidia\" width=\"451\" height=\"677\" \/><\/a><figcaption id=\"caption-attachment-1587\" class=\"wp-caption-text\">Bertrand Russell sosten\u00eda que la envidia es una de las m\u00e1s potentes causas de infelicidad. Siendo universal es el m\u00e1s desafortunado aspecto de la naturaleza humana, porque aquel que envidia no s\u00f3lo sucumbe a la infelicidad que le produce su envidia, sino que adem\u00e1s alimenta el deseo de producir el mal a otros. http:\/\/es.wikipedia.org\/wiki\/Envidia<\/figcaption><\/figure>\n<p class=\"MsoNormal\">Acabo de concluir la breve cr\u00f3nica sobre la \u201cRevoluci\u00f3n Ciudadana\u201d y sus primarias, que he venido publicando en mi blog. Sin duda qued\u00f3 mucho por decir, pero en atenci\u00f3n al medio utilizado (como ustedes saben, los textos demasiado largos en Internet agotan y dispersan la concentraci\u00f3n), he preferido resumir en la medida de lo posible.<\/p>\n<p class=\"MsoNormal\">El grave conflicto que implica juzgar un gobierno al que pertenece cualquier persona que ejerza un cargo p\u00fablico, es una \u201climitante\u201d que afortunadamente no me ata\u00f1e. Pero pienso en la mir\u00edada de personas que, por proteger su empleo y en consecuencia a su familia, prefieren callar lo evidente, prefieren <em>lassez faire<\/em>, (y no me vengan con los \u201cego\u00edsmos responsables\u201d de Adam Smith) porque el que agacha la cabeza y se queda chito, pasa bien y quiz\u00e1s con el tiempo, sigue trepando. No es una acusaci\u00f3n personal: es simplemente declarar los hechos, explicitar lo evidente.<\/p>\n<p class=\"MsoNormal\"><strong>\u00bfPara qu\u00e9?<\/strong><\/p>\n<p class=\"MsoNormal\">En una sociedad envidiosa, ego\u00edsta y zancadillera como la nuestra, somos cangrejos y aqu\u00ed nadie se sale de la olla. No es el gobierno: no es el alcalde, ni el presidente de turno, ni el yanqui a cargo de gringolandia, sea pint\u00f3n o maduro, no. SOMOS NOSOTROS.<\/p>\n<p class=\"MsoNormal\">Porque odiamos ver brillar al resto y nos quedamos callados ante la injusticia: Nos conviene permanecer en silencio para &#8216;evitar&#8217; problemas. Porque somos cobardes.<\/p>\n<figure id=\"attachment_1588\" aria-describedby=\"caption-attachment-1588\" style=\"width: 231px\" class=\"wp-caption alignright\"><a href=\"https:\/\/politicaysociedad.com\/wp-content\/uploads\/2009\/04\/envidia_covarrubias.jpg\"><img loading=\"lazy\" decoding=\"async\" class=\"size-medium wp-image-1588\" title=\"envidia_covarrubias\" src=\"https:\/\/politicaysociedad.com\/wp-content\/uploads\/2009\/04\/envidia_covarrubias.jpg?w=219\" alt=\"envidia_covarrubias\" width=\"231\" height=\"316\" \/><\/a><figcaption id=\"caption-attachment-1588\" class=\"wp-caption-text\">Fuente:iberoamericana-covarrubias.com<\/figcaption><\/figure>\n<p class=\"MsoNormal\">Porque queremos llegar muy alto pero en telef\u00e9rico, sin despeinarnos.<\/p>\n<p class=\"MsoNormal\">Pero ustedes se preguntar\u00e1n:<\/p>\n<p class=\"MsoNormal\"><strong>\u00bfPara qu\u00e9 toda esta andanada de insultos?<\/strong><\/p>\n<p class=\"MsoNormal\">No son insultos, es mostrar una simple realidad cotidiana. Lacerante pero real. Otra cosa es que nuestra realidad sea insultante.<\/p>\n<p class=\"MsoNormal\">Es que TODOS somos as\u00ed. \u00a1Todos queremos llegar a la cima en telef\u00e9rico y una revoluci\u00f3n o simplemente el progreso personal no se ejecutan a caballo del sof\u00e1, control remoto en mano! Hay que integrarse, aunque sea para discutir, que algo saldr\u00e1 de bueno de todo ello. Hay que remangarse la camisa por construir a pulso el pa\u00eds que queremos: sudar camiseta para no quejarnos luego de que las cosas andan mal, de que el gobierno es infame, de que marchamos en nuestro propio terreno y todas las frases prefabricadas de siempre, lanzadas desde el \u00e1ngulo oscuro.<\/p>\n<p class=\"MsoNormal\">Es all\u00ed donde cabe la pregunta: \u00bfPor qu\u00e9 es PECADO CAPITAL discrepar si uno est\u00e1 dentro del gobierno, o del partido gobiernista? Porque somos mediocres, porque (como guaguas) carecemos de la madurez para aceptar una cr\u00edtica, sea buena o mala. Porque nos gusta la gente agachada, aindiada en el sentido de Icaza, que aguanta callada que le pateen el cuerpo y el alma. Porque siempre jugamos a dos bandas y nos aterra que nos pillen en pecado. Porque nos gusta que nos digan cosas lindas, que nos mientan, que nos digan que estamos guapos aunque estemos horribles y a punto de tomarnos la foto.<\/p>\n<p class=\"MsoNormal\">Pero discrepar creativamente es construir y eso es dif\u00edcil de entender si uno est\u00e1 en el \u00e1ngulo oscuro de la mezquindad.<\/p>\n<p class=\"MsoNormal\">Porque quiero dejar atr\u00e1s la envidia, por eso escrib\u00ed esta cr\u00f3nica: porque no quiero que me den jugando el partido, porque me gusta hacerlo, y porque quiero y puedo sudar mi camiseta tricolor.<\/p>\n","protected":false},"excerpt":{"rendered":"<p>Acabo de concluir la breve cr\u00f3nica sobre la \u201cRevoluci\u00f3n Ciudadana\u201d y sus primarias, que he venido publicando en mi blog. Sin duda qued\u00f3 mucho por decir, pero en atenci\u00f3n al medio utilizado (como ustedes saben, los textos demasiado largos en Internet agotan y dispersan la concentraci\u00f3n), he preferido resumir en la medida de lo posible. [&hellip;]<\/p>\n","protected":false},"author":1,"featured_media":0,"parent":0,"menu_order":0,"comment_status":"open","ping_status":"open","template":"","meta":{"footnotes":""},"class_list":["post-1582","page","type-page","status-publish","hentry"],"blocksy_meta":[],"_links":{"self":[{"href":"https:\/\/politicaysociedad.com\/index.php\/wp-json\/wp\/v2\/pages\/1582","targetHints":{"allow":["GET"]}}],"collection":[{"href":"https:\/\/politicaysociedad.com\/index.php\/wp-json\/wp\/v2\/pages"}],"about":[{"href":"https:\/\/politicaysociedad.com\/index.php\/wp-json\/wp\/v2\/types\/page"}],"author":[{"embeddable":true,"href":"https:\/\/politicaysociedad.com\/index.php\/wp-json\/wp\/v2\/users\/1"}],"replies":[{"embeddable":true,"href":"https:\/\/politicaysociedad.com\/index.php\/wp-json\/wp\/v2\/comments?post=1582"}],"version-history":[{"count":7,"href":"https:\/\/politicaysociedad.com\/index.php\/wp-json\/wp\/v2\/pages\/1582\/revisions"}],"predecessor-version":[{"id":3790,"href":"https:\/\/politicaysociedad.com\/index.php\/wp-json\/wp\/v2\/pages\/1582\/revisions\/3790"}],"wp:attachment":[{"href":"https:\/\/politicaysociedad.com\/index.php\/wp-json\/wp\/v2\/media?parent=1582"}],"curies":[{"name":"wp","href":"https:\/\/api.w.org\/{rel}","templated":true}]}}